{"id":1802,"date":"2022-02-02T02:15:22","date_gmt":"2022-02-01T19:15:22","guid":{"rendered":"https:\/\/udibi6748.live-website.com\/?page_id=1802"},"modified":"2022-03-09T14:34:42","modified_gmt":"2022-03-09T20:34:42","slug":"notice-of-privacy","status":"publish","type":"page","link":"https:\/\/udibi.com.mx\/en\/notice-of-privacy\/","title":{"rendered":"Privacy Notice"},"content":{"rendered":"\n<h3 class=\"has-text-align-center wp-block-heading\">Privacy Notice<\/h3>\n\n\n\n<p>Responsible Identification<\/p>\n\n\n\n<p>The Instituto Polit\u00e9cnico Nacional, IPN, with address Avenida Luis Enrique Erro s\/n, Unidad Profesional \u201cAdolfo L\u00f3pez Mateos\u201d Zacatenco, Gustavo A. Madero, Ciudad de M\u00e9xico, CP. 07738, the Escuela Nacional de Ciencias Biol\u00f3gicas and the Unidad de Investigaci\u00f3n, Desarrollo e Innovaci\u00f3n M\u00e9dica y Biotecnol\u00f3gica, is responsible for the treatment of the personal data that you provide us, which will be protected in accordance with the provisions of the General Law on Protection of Personal Data Held by Obliged Subjects, and other applicable regulations.<\/p>\n\n\n\n<p>What data do we request?<\/p>\n\n\n\n<p>The UDIBI requests identification and contact information (name, job title, email, telephone).<\/p>\n\n\n\n<p>Data treatment<\/p>\n\n\n\n<p>The data collected is necessary to maintain communication with our clients and follow up on the services they request. The information collected is stored in a database that is consulted exclusively by the UDIBI personnel who maintain contact with clients.<\/p>\n\n\n\n<p>Transfer<\/p>\n\n\n\n<p>It is reported that no transfer of personal data will be made, except for those that are necessary in accordance with section II of article 22 of the General Law on Protection of Personal Data in Possession of Obliged Subjects, relative to their own faculties, compatible or analogous with the purpose that motivated the processing of personal data; as well as to meet information requirements of a competent authority, which are duly founded and motivated; and for the exercise of their rights or fulfillment of obligations derived from the legal relationship.<\/p>\n\n\n\n<p>If you want to know our comprehensive privacy notice, please consult in:<\/p>\n\n\n\n<p><blockquote class=\"wp-embedded-content\" data-secret=\"NSuv2ZUWbL\"><a href=\"https:\/\/udibi6748.live-website.com\/en\/\">UDIBI<\/a><\/blockquote><iframe class=\"wp-embedded-content\" sandbox=\"allow-scripts\" security=\"restricted\" style=\"position: absolute; visibility: hidden;\" title=\"&#8220;UDIBI&#8221; &#8212; UDIBI\" src=\"https:\/\/udibi6748.live-website.com\/en\/embed\/#?secret=JfUr3GsEAy#?secret=NSuv2ZUWbL\" data-secret=\"NSuv2ZUWbL\" width=\"600\" height=\"338\" style=\"border: none\" marginwidth=\"0\" marginheight=\"0\" scrolling=\"no\"><\/iframe><\/p>\n","protected":false},"excerpt":{"rendered":"<p>Privacy Notice Responsible Identification The Instituto Polit\u00e9cnico Nacional, IPN, with address Avenida Luis Enrique Erro s\/n, Unidad Profesional \u201cAdolfo L\u00f3pez Mateos\u201d Zacatenco, Gustavo A. Madero, Ciudad de M\u00e9xico, CP. 07738, the Escuela Nacional de Ciencias Biol\u00f3gicas and the Unidad de Investigaci\u00f3n, Desarrollo e Innovaci\u00f3n M\u00e9dica y Biotecnol\u00f3gica, is responsible for the treatment of the personal data that you provide us, [&hellip;]<\/p>\n","protected":false},"author":1,"featured_media":0,"parent":0,"menu_order":0,"comment_status":"closed","ping_status":"open","template":"","meta":{"pmpro_default_level":"","footnotes":""},"class_list":["post-1802","page","type-page","status-publish","hentry","pmpro-has-access"],"yoast_head":"<!-- This site is optimized with the Yoast SEO plugin v26.5 - https:\/\/yoast.com\/wordpress\/plugins\/seo\/ -->\n<title>Privacy Notice - UDIBI<\/title>\n<meta name=\"robots\" content=\"index, follow, max-snippet:-1, max-image-preview:large, max-video-preview:-1\" \/>\n<link rel=\"canonical\" href=\"https:\/\/udibi.com.mx\/en\/notice-of-privacy\/\" \/>\n<meta property=\"og:locale\" content=\"en_US\" \/>\n<meta property=\"og:type\" content=\"article\" \/>\n<meta property=\"og:title\" content=\"Privacy Notice - UDIBI\" \/>\n<meta property=\"og:description\" content=\"Privacy Notice Responsible Identification The Instituto Polit\u00e9cnico Nacional, IPN, with address Avenida Luis Enrique Erro s\/n, Unidad Profesional \u201cAdolfo L\u00f3pez Mateos\u201d Zacatenco, Gustavo A. Madero, Ciudad de M\u00e9xico, CP. 07738, the Escuela Nacional de Ciencias Biol\u00f3gicas and the Unidad de Investigaci\u00f3n, Desarrollo e Innovaci\u00f3n M\u00e9dica y Biotecnol\u00f3gica, is responsible for the treatment of the personal data that you provide us, [&hellip;]\" \/>\n<meta property=\"og:url\" content=\"https:\/\/udibi.com.mx\/en\/notice-of-privacy\/\" \/>\n<meta property=\"og:site_name\" content=\"UDIBI\" \/>\n<meta property=\"article:modified_time\" content=\"2022-03-09T20:34:42+00:00\" \/>\n<meta name=\"twitter:card\" content=\"summary_large_image\" \/>\n<meta name=\"twitter:label1\" content=\"Est. reading time\" \/>\n\t<meta name=\"twitter:data1\" content=\"2 minutes\" \/>\n<script type=\"application\/ld+json\" class=\"yoast-schema-graph\">{\"@context\":\"https:\/\/schema.org\",\"@graph\":[{\"@type\":\"WebPage\",\"@id\":\"https:\/\/udibi.com.mx\/en\/notice-of-privacy\/\",\"url\":\"https:\/\/udibi.com.mx\/en\/notice-of-privacy\/\",\"name\":\"Privacy Notice - UDIBI\",\"isPartOf\":{\"@id\":\"https:\/\/udibi.com.mx\/en\/#website\"},\"datePublished\":\"2022-02-01T19:15:22+00:00\",\"dateModified\":\"2022-03-09T20:34:42+00:00\",\"breadcrumb\":{\"@id\":\"https:\/\/udibi.com.mx\/en\/notice-of-privacy\/#breadcrumb\"},\"inLanguage\":\"en-US\",\"potentialAction\":[{\"@type\":\"ReadAction\",\"target\":[\"https:\/\/udibi.com.mx\/en\/notice-of-privacy\/\"]}]},{\"@type\":\"BreadcrumbList\",\"@id\":\"https:\/\/udibi.com.mx\/en\/notice-of-privacy\/#breadcrumb\",\"itemListElement\":[{\"@type\":\"ListItem\",\"position\":1,\"name\":\"Portada\",\"item\":\"https:\/\/udibi.com.mx\/en\/\"},{\"@type\":\"ListItem\",\"position\":2,\"name\":\"Privacy Notice\"}]},{\"@type\":\"WebSite\",\"@id\":\"https:\/\/udibi.com.mx\/en\/#website\",\"url\":\"https:\/\/udibi.com.mx\/en\/\",\"name\":\"UDIBI\",\"description\":\"IPN\",\"potentialAction\":[{\"@type\":\"SearchAction\",\"target\":{\"@type\":\"EntryPoint\",\"urlTemplate\":\"https:\/\/udibi.com.mx\/en\/?s={search_term_string}\"},\"query-input\":{\"@type\":\"PropertyValueSpecification\",\"valueRequired\":true,\"valueName\":\"search_term_string\"}}],\"inLanguage\":\"en-US\"}]}<\/script>\n<!-- \/ Yoast SEO plugin. -->","yoast_head_json":{"title":"Privacy Notice - UDIBI","robots":{"index":"index","follow":"follow","max-snippet":"max-snippet:-1","max-image-preview":"max-image-preview:large","max-video-preview":"max-video-preview:-1"},"canonical":"https:\/\/udibi.com.mx\/en\/notice-of-privacy\/","og_locale":"en_US","og_type":"article","og_title":"Privacy Notice - UDIBI","og_description":"Privacy Notice Responsible Identification The Instituto Polit\u00e9cnico Nacional, IPN, with address Avenida Luis Enrique Erro s\/n, Unidad Profesional \u201cAdolfo L\u00f3pez Mateos\u201d Zacatenco, Gustavo A. Madero, Ciudad de M\u00e9xico, CP. 07738, the Escuela Nacional de Ciencias Biol\u00f3gicas and the Unidad de Investigaci\u00f3n, Desarrollo e Innovaci\u00f3n M\u00e9dica y Biotecnol\u00f3gica, is responsible for the treatment of the personal data that you provide us, [&hellip;]","og_url":"https:\/\/udibi.com.mx\/en\/notice-of-privacy\/","og_site_name":"UDIBI","article_modified_time":"2022-03-09T20:34:42+00:00","twitter_card":"summary_large_image","twitter_misc":{"Est. reading time":"2 minutes"},"schema":{"@context":"https:\/\/schema.org","@graph":[{"@type":"WebPage","@id":"https:\/\/udibi.com.mx\/en\/notice-of-privacy\/","url":"https:\/\/udibi.com.mx\/en\/notice-of-privacy\/","name":"Privacy Notice - UDIBI","isPartOf":{"@id":"https:\/\/udibi.com.mx\/en\/#website"},"datePublished":"2022-02-01T19:15:22+00:00","dateModified":"2022-03-09T20:34:42+00:00","breadcrumb":{"@id":"https:\/\/udibi.com.mx\/en\/notice-of-privacy\/#breadcrumb"},"inLanguage":"en-US","potentialAction":[{"@type":"ReadAction","target":["https:\/\/udibi.com.mx\/en\/notice-of-privacy\/"]}]},{"@type":"BreadcrumbList","@id":"https:\/\/udibi.com.mx\/en\/notice-of-privacy\/#breadcrumb","itemListElement":[{"@type":"ListItem","position":1,"name":"Portada","item":"https:\/\/udibi.com.mx\/en\/"},{"@type":"ListItem","position":2,"name":"Privacy Notice"}]},{"@type":"WebSite","@id":"https:\/\/udibi.com.mx\/en\/#website","url":"https:\/\/udibi.com.mx\/en\/","name":"UDIBI","description":"IPN","potentialAction":[{"@type":"SearchAction","target":{"@type":"EntryPoint","urlTemplate":"https:\/\/udibi.com.mx\/en\/?s={search_term_string}"},"query-input":{"@type":"PropertyValueSpecification","valueRequired":true,"valueName":"search_term_string"}}],"inLanguage":"en-US"}]}},"_links":{"self":[{"href":"https:\/\/udibi.com.mx\/en\/wp-json\/wp\/v2\/pages\/1802","targetHints":{"allow":["GET"]}}],"collection":[{"href":"https:\/\/udibi.com.mx\/en\/wp-json\/wp\/v2\/pages"}],"about":[{"href":"https:\/\/udibi.com.mx\/en\/wp-json\/wp\/v2\/types\/page"}],"author":[{"embeddable":true,"href":"https:\/\/udibi.com.mx\/en\/wp-json\/wp\/v2\/users\/1"}],"replies":[{"embeddable":true,"href":"https:\/\/udibi.com.mx\/en\/wp-json\/wp\/v2\/comments?post=1802"}],"version-history":[{"count":6,"href":"https:\/\/udibi.com.mx\/en\/wp-json\/wp\/v2\/pages\/1802\/revisions"}],"predecessor-version":[{"id":2101,"href":"https:\/\/udibi.com.mx\/en\/wp-json\/wp\/v2\/pages\/1802\/revisions\/2101"}],"wp:attachment":[{"href":"https:\/\/udibi.com.mx\/en\/wp-json\/wp\/v2\/media?parent=1802"}],"curies":[{"name":"wp","href":"https:\/\/api.w.org\/{rel}","templated":true}]}}