{"id":1578,"date":"2022-01-08T02:29:03","date_gmt":"2022-01-07T19:29:03","guid":{"rendered":"https:\/\/udibi6748.live-website.com\/ingenieria-de-anticuerpos\/"},"modified":"2023-07-17T08:29:54","modified_gmt":"2023-07-17T14:29:54","slug":"ingenieria-de-anticuerpos","status":"publish","type":"page","link":"https:\/\/udibi.com.mx\/en\/ingenieria-de-anticuerpos\/","title":{"rendered":"Antibody engineering"},"content":{"rendered":"<div class=\"wpb-content-wrapper\"><p>[vc_row gap=&#8221;30&#8243; padding_top=&#8221;10&#8243; padding_bottom=&#8221;0&#8243;][vc_column width=&#8221;1\/2&#8243;][vc_single_image image=&#8221;3365&#8243; img_size=&#8221;medium&#8221; alignment=&#8221;center&#8221; onclick=&#8221;custom_link&#8221; link=&#8221;https:\/\/udibi6748.live-website.com\/en\/antibody-services\/&#8221;][vc_custom_heading text=&#8221;Engineering and optimization&#8221; font_container=&#8221;tag:h3|font_size:22|text_align:left|color:%230d1250&#8243; google_fonts=&#8221;font_family:Montserrat%3Aregular%2C700|font_style:700%20bold%20regular%3A700%3Anormal&#8221;][vc_column_text]We have the experience and technological capabilities necessary to ensure that the developed antibodies meet the quality standards that allow their use in non-clinical and clinical\u00a0studies.[\/vc_column_text][\/vc_column][vc_column width=&#8221;1\/2&#8243;][vc_single_image image=&#8221;3372&#8243; img_size=&#8221;medium&#8221; alignment=&#8221;center&#8221; onclick=&#8221;custom_link&#8221; link=&#8221;https:\/\/udibi6748.live-website.com\/en\/libraries\/&#8221;][vc_custom_heading text=&#8221;ALTHEA GOLD LIBRARIES&#8221; font_container=&#8221;tag:h3|font_size:22|text_align:left|color:%230d1250&#8243; google_fonts=&#8221;font_family:Montserrat%3Aregular%2C700|font_style:700%20bold%20regular%3A700%3Anormal&#8221;][vc_column_text]Our ALTHEA Gold Libraries have been successfully used by researchers and biotech companies for the development of therapeutic antibodies.[\/vc_column_text][\/vc_column][\/vc_row][vc_row padding_top=&#8221;20&#8243; padding_bottom=&#8221;1&#8243;][vc_column][vc_separator color=&#8221;custom&#8221; accent_color=&#8221;#a1bf3b&#8221;][\/vc_column][\/vc_row][vc_row content_placement=&#8221;middle&#8221; text_align=&#8221;center&#8221; padding_top=&#8221;10&#8243; padding_bottom=&#8221;10&#8243;][vc_column width=&#8221;1\/2&#8243;][vc_single_image image=&#8221;919&#8243; img_size=&#8221;full&#8221; alignment=&#8221;center&#8221; full_width=&#8221;yes&#8221;][\/vc_column][vc_column width=&#8221;1\/2&#8243;][vc_custom_heading text=&#8221;Your antibody is in the best hands with our team of experts.&#8221; font_container=&#8221;tag:h3|font_size:22|text_align:left|color:%230d1250&#8243; google_fonts=&#8221;font_family:Montserrat%3Aregular%2C700|font_style:700%20bold%20regular%3A700%3Anormal&#8221; link=&#8221;url:https%3A%2F%2Fudibi6748.live-website.com%2Fjuan-carlos-almagro%2F|title:Dr.%20Juan%20Carlos%20Almagro&#8221;]<div  class=\"kleo-gap\" style=\"height:30px;line-height:30px;\"><\/div>[vc_btn title=&#8221;PUBLICATIONS&#8221; color=&#8221;primary&#8221; align=&#8221;center&#8221; i_icon_fontawesome=&#8221;fas fa-book&#8221; add_icon=&#8221;true&#8221; link=&#8221;url:%23publications|title:Publications&#8221;][\/vc_column][\/vc_row][vc_row content_placement=&#8221;middle&#8221; text_align=&#8221;center&#8221; padding_top=&#8221;10&#8243; padding_bottom=&#8221;10&#8243;][vc_column][vc_raw_html]JTNDZGl2JTIwc3R5bGUlM0QlMjJ3aWR0aCUzQSUyMDEwMCUyNSUzQiUyMiUzRSUzQ2RpdiUyMHN0eWxlJTNEJTIycG9zaXRpb24lM0ElMjByZWxhdGl2ZSUzQiUyMHBhZGRpbmctYm90dG9tJTNBJTIwMTMzLjQ0NDUzNzExNDI2MTg2JTI1JTNCJTIwcGFkZGluZy10b3AlM0ElMjAwJTNCJTIwaGVpZ2h0JTNBJTIwMCUzQiUyMiUzRSUzQ2lmcmFtZSUyMGZyYW1lYm9yZGVyJTNEJTIyMCUyMiUyMHdpZHRoJTNEJTIyMTE5OXB4JTIyJTIwaGVpZ2h0JTNEJTIyMTYwMHB4JTIyJTIwc3R5bGUlM0QlMjJwb3NpdGlvbiUzQSUyMGFic29sdXRlJTNCJTIwdG9wJTNBJTIwMCUzQiUyMGxlZnQlM0ElMjAwJTNCJTIwd2lkdGglM0ElMjAxMDAlMjUlM0IlMjBoZWlnaHQlM0ElMjAxMDAlMjUlM0IlMjIlMjBzcmMlM0QlMjJodHRwcyUzQSUyRiUyRnZpZXcuZ2VuaWFsLmx5JTJGNjFmYWU3ZDU1MjUyMDAwMDEzYWI0ZjQyJTIyJTIwdHlwZSUzRCUyMnRleHQlMkZodG1sJTIyJTIwYWxsb3dzY3JpcHRhY2Nlc3MlM0QlMjJhbHdheXMlMjIlMjBhbGxvd2Z1bGxzY3JlZW4lM0QlMjJ0cnVlJTIyJTIwc2Nyb2xsaW5nJTNEJTIyeWVzJTIyJTIwYWxsb3duZXR3b3JraW5nJTNEJTIyYWxsJTIyJTNFJTNDJTJGaWZyYW1lJTNFJTIwJTNDJTJGZGl2JTNFJTIwJTNDJTJGZGl2JTNF[\/vc_raw_html][\/vc_column][\/vc_row][vc_row el_id=&#8221;publications&#8221;][vc_column][vc_custom_heading text=&#8221;Publications Antibody engineering&#8220;&#8221; font_container=&#8221;tag:h3|font_size:22|text_align:left|color:%230d1250&#8243; google_fonts=&#8221;font_family:Montserrat%3Aregular%2C700|font_style:700%20bold%20regular%3A700%3Anormal&#8221; link=&#8221;url:https%3A%2F%2Fudibi6748.live-website.com%2Fjuan-carlos-almagro%2F|title:Dr.%20Juan%20Carlos%20Almagro&#8221;][vc_column_text]<strong>ENGINEERING:<\/strong><\/p>\n<p><strong>\u00a0<\/strong><\/p>\n<h5><strong>PUBLICATIONS:<\/strong><\/h5>\n<p>&nbsp;<\/p>\n<ol>\n<li>Daniels-Wells TR, Pierre V. Candelaria PV, Kranz E, Wen J, Wang L, Kamata M, <strong>Almagro JC<\/strong>, Mart\u00ednez-Maza O, Penichet ML. Efficacy of antibodies targeting transferrin receptor 1 in xenograft mouse models of AIDS-related non-Hodgkin lymphoma. <strong>15: <\/strong>1816. 2023.<\/li>\n<\/ol>\n<p>&nbsp;<\/p>\n<ol start=\"2\">\n<li><strong>Almagro JC<\/strong>, Daniels-Wells TR, Perez-Tapia SM, Penichet ML. Progress and challenges in the design and clinical development of antibodies for cancer therapy. <em>Frontiers in Immunology.<\/em> <strong>8<\/strong>: 1751-1770, 2018.<\/li>\n<\/ol>\n<p>&nbsp;<\/p>\n<h5><strong>ISSUED, FILED and PUBLISHED PATENTS:<\/strong><\/h5>\n<p>&nbsp;<\/p>\n<p>&nbsp;<\/p>\n<ol>\n<li>Puro R, Hiebsch RR, Capoccia BJ., Andrejeva G, <strong>Almagro JC<\/strong>, Pereira DS. Therapeutic SIRP-alpha. antibodies.\u00a0 Assignee: Arch Oncology, Inc. US Patent:\u00a0<strong>11,202,828<\/strong>. Issued: 12\/21\/2021.<\/li>\n<\/ol>\n<p>&nbsp;<\/p>\n<ol>\n<li>Manning PT, Puro R,\u00a0<strong>Almagro JC<\/strong>, Karr RW. Therapeutic CD47 antibodies. Assignee: Arch Oncology, Inc. Priority Date: 02\/08\/2019. US Patent:\u00a0<strong>10,844,124<\/strong>. Issued: 11\/24\/2020.<\/li>\n<\/ol>\n<p>&nbsp;<\/p>\n<ol>\n<li>Manning P, Puro R, <strong>Almagro JC<\/strong>, Karr RW. Therapeutic CD47 Antibodies. US Patent:\u00a0<strong>10,239,945<\/strong>. Assignee: Arch Oncology, Inc. Issued: 03\/26\/2019.<\/li>\n<\/ol>\n<p>&nbsp;<\/p>\n<ol>\n<li>Swanson RV, Chi E, Raghunathan G, Zhao S, Fransson J, Cordier W, <strong>Almagro JC<\/strong>, Hyun L, Giles-Komar J, O&#8217;Neil KT, Carton JM, Zhou HM, Teplyakov AV, Feng Y. Engineered Anti-IL-13 Antibodies, Compositions, Methods and Uses. US Patent: <strong>8,323,646<\/strong>. Assignee: Centocor Ortho Biotech Inc.\u00a0 Issued: 12\/04\/2012.<\/li>\n<\/ol>\n<p>&nbsp;<\/p>\n<ol>\n<li><strong>Almagro JC<\/strong>, Valadon P. Antibody libraries of improved functionality. Provisional Patent. Assignee: Antibody Design Labs and GlobalBio, Inc.\u00a0 PCT: <strong>WO\/2019\/099454<\/strong>. Priority Date: 11\/14\/2017.<\/li>\n<\/ol>\n<p>&nbsp;<\/p>\n<ol>\n<li>Penichet ML, Wells TR, <strong>Almagro JC<\/strong>. Composition and Methods for Transferrin Receptor 1 targeting. PCT: WO2021092482A1. Applicant: UCLA &amp; Klyss Biotech, Inc. Priority Date: 11\/06\/2019.<\/li>\n<\/ol>\n<p>&nbsp;<\/p>\n<ol>\n<li>Manning PT, Puro R, <strong>Almagro JC, <\/strong>Karr RW, Capoccia B.J. Combination therapy for the treatment of solid and hematological cancers. Assignee: Arch Oncology Inc. Application No.: \u00a0<strong>20190309066A1<\/strong>. Priority Date: 11\/06\/2017.<\/li>\n<\/ol>\n<p>&nbsp;<\/p>\n<ol start=\"8\">\n<li>Nastri HG, Shaun MS, <strong>Almagro JC<\/strong>, Zhou J, Buonpane RA, Wang H, Chen Y, Wang X, Carlsen PN, Li Y, Qi C, Wu L, Yao W, Zhu W, Huang T. Cd73 inhibitor and a2a\/a2b adenosine receptor inhibitor combination therapy. Assignee: Incyte Corporation. Application No.: US 2021\/0230294 A1. Priority Date: 12\/30\/2020.<\/li>\n<\/ol>\n<p>&nbsp;<\/p>\n<ol start=\"9\">\n<li>Nastri HG, Stewart SM, <strong>Almagro JC<\/strong>, Zhou J, Buonpane RA. Interferon beta antibodies and uses thereof. US Patent: 2021\/0230293 A1. Assignee: Incyte Corporation. Priority Date: 12\/30\/2020.<\/li>\n<\/ol>\n<p>&nbsp;<\/p>\n<ol start=\"10\">\n<li>Wang H, <strong>Almagro JC<\/strong>, Buonpane RA, Carlsen PN, Huang T, Li Y, Lin L, Nastri HG, Qi C, Stewart SM, Thekkat PU, Wang X, Wu L, Yao W, Zhou J, Zhu W. Combination Therapy Comprising A2A\/A2B and PD-1\/PD-L1 Inhibitors. Application No.: 2021\/0205311 A1. Assignee: Incyte Corporation. Priority Date: 12\/30\/2020.<\/li>\n<\/ol>\n<p>&nbsp;<\/p>\n<ol start=\"11\">\n<li>Henry R, Samarakoon T, Fishkin N, Zhu P, Pazolli E, Palacino J, <strong>Almagro JC.<\/strong> Anti-BCMA antibody-drug conjugates and methods of use. Application No.: 2022\/0081486 A1. Assignee: Eisai R&amp;D Management Co Ltd. Priority Date: 04\/06\/2021.<\/li>\n<\/ol>\n<p>&nbsp;<\/p>\n<ol start=\"12\">\n<li>Blinn J, Mckearn J, Monahan J, Strohl WR, Puro R, Richards J, <strong>Almagro JC<\/strong>. THERAPEUTIC COMPOSITIONS AND METHODS FOR TREATING CANCER IN COMBINATION WITH ANALOGS OF INTERLEUKIN PROTEINS. US Patent App. 17\/527,982, 2022.<\/li>\n<\/ol>\n<p>&nbsp;<\/p>\n<ol start=\"13\">\n<li>H Wang, <strong>JC Almagro<\/strong>, RA Buonpane, PN Carlsen, T Huang, Y Li. Combination therapy comprising a2a\/a2b inhibitors, pd-1\/pd-l1 inhibitors, and anti-cd73 antibodies. US Patent App. 17\/564,549, 2022.<\/li>\n<\/ol>\n<p>&nbsp;<\/p>\n<ol start=\"14\">\n<li>Robyn P, Hiebsch RR, Capoccia BJ, Andrejeva G,<strong> Almagro<\/strong> <strong>JC<\/strong>. Therapeutic sirp-alpha antibodies US Patent App. 17\/534,774, 2022.<\/li>\n<\/ol>\n<p>&nbsp;<\/p>\n<p><strong>ALTHEA Gold\u2122 Libraries:<\/strong><\/p>\n<p><strong>\u00a0<\/strong><\/p>\n<h5><strong>PUBLICATIONS:<\/strong><\/h5>\n<p><strong>\u00a0<\/strong><\/p>\n<p>&nbsp;<\/p>\n<ol>\n<li>Guzm\u00e1n-Bringas OU, G\u00f3mez-Castellano K, Gonz\u00e1lez-Gonz\u00e1lez E, Salinas-Trujano J, V\u00e1zquez-Leyva S, Vallejo-Castillo L, P\u00e9rez-Tapia SM, <strong>Almagro JC<\/strong>. Discovery and optimization of neutralizing SARS-CoV-2 antibodies using ALTHEA Gold Plus Libraries\u2122. <em> J. Mol. Sci.<\/em> <strong>24<\/strong>: 4609. 2023.<\/li>\n<\/ol>\n<p>&nbsp;<\/p>\n<ol start=\"2\">\n<li>Gonz\u00e1lez-Gonz\u00e1lez E, Carballo-Uicab G, Juana Salinas-Trujano J, Mar\u00eda I. Cort\u00e9s-Paniagua MI, Said V\u00e1zquez-Leyva S, Vallejo-Castillo L, Mendoza-Salazar I, G\u00f3mez-Castellano K, P\u00e9rez-Tapia SM, <strong>Almagro JC<\/strong>. In vitro and in vivo characterization of a broadly neutralizing anti-SARS-CoV-2 antibody isolated from a semi-immune phage display library. Antibodies. <em>Antibodies (Basel). <\/em><strong>11<\/strong>: 57. 2022<\/li>\n<\/ol>\n<p>&nbsp;<\/p>\n<ol start=\"3\">\n<li><strong>Almagro JC<\/strong>, Mellado-S\u00e1nchez G, Pedraza-Escalona M, P\u00e9rez-Tapia SM. Evolution of approved anti-SARS-COV-2 therapeutic antibodies. <em> J. Mol. Sci.<\/em> <strong>23<\/strong>: 9763<em>. <\/em>2022.<\/li>\n<\/ol>\n<p>&nbsp;<\/p>\n<ol start=\"4\">\n<li>Mendoza-Salazar I, G\u00f3mez-Castellano KM, Gonz\u00e1lez-Gonz\u00e1lez E, Gamboa-Suasnavart R, Rodr\u00edguez-Luna SD, Santiago-Casas G, Cort\u00e9s-Paniagua MIC, P\u00e9rez-Tapia SM, <strong>Almagro JC<\/strong>. Anti-SARS-CoV-2 Omicron antibodies isolated from a SARS-CoV-2 Delta semi-immune phage display library. <em>Antibodies (Basel)<\/em>. <strong>11: <\/strong> 2022.<\/li>\n<\/ol>\n<p>&nbsp;<\/p>\n<ol start=\"5\">\n<li>Pedraza-Escalona M, Guzm\u00e1n-Bringas O, Arrieta-Oliva I, G\u00f3mez-Castellano K, Salinas-Trujano J, Torres-Flores J, Mu\u00f1oz-Herrera JC, Camacho-Sandoval R, Contreras-Pineda P, Chac\u00f3n-Salinas R, P\u00e9rez-Tapia SM, <strong>Almagro JC<\/strong>. Isolation and characterization of high affinity and highly stable anti-Chikungunya virus antibodies using ALTHEA Gold Libraries\u2122. <em>BMC Infectious Diseases<\/em>. <strong>21<\/strong>: 1121, 2021.<\/li>\n<\/ol>\n<p>&nbsp;<\/p>\n<ol start=\"6\">\n<li>Camacho-Sandoval R, Nieto-Patl\u00e1n A, Carballo-Uicab G; Montes A, Jim\u00e9nez-Mart\u00ednez MC, Vallejo-Castillo L, Gonz\u00e1lez-Gonz\u00e1lez E; Arrieta-Oliva HI, G\u00f3mez-Castellano K, Guzman-Bringas U, Cruz-Dom\u00ednguez MP, Medina G, Montiel-Cervantes LA, P\u00e9rez-Tapia SM, <strong>Almagro JC<\/strong>. Development and Evaluation of a Set of Spike and Receptor Binding Domain-Based Enzyme-Linked Immunosorbent Assays for SARS-CoV-2 Serological Testing. <strong>11<\/strong>: 1506, 2021.<\/li>\n<\/ol>\n<p>&nbsp;<\/p>\n<ol start=\"7\">\n<li><strong>Almagro JC<\/strong>, Pedraza M, Arrieta HI, P\u00e9rez-Tapia SM. Phage Display Libraries for Antibody Therapeutic Discovery and Development. <em>Antibodies<\/em>. <strong>8<\/strong>: 44,<\/li>\n<\/ol>\n<p>&nbsp;<\/p>\n<p>Valadon P, P\u00e9rez-Tapia SM, Nelson RS, Guzm\u00e1n-Bringas OU, Arrieta-Oliva HI, G\u00f3mez-Castellano KM, Pohl MA, <strong>Almagro JC<\/strong>. ALTHEA Gold Libraries\u2122: Antibody Libraries for Therapeutic Antibody Discovery. <em>MAbs<\/em>. <strong>11<\/strong>: 516-531, 2019.[\/vc_column_text][\/vc_column][\/vc_row]<\/p>\n<\/div>","protected":false},"excerpt":{"rendered":"<p>[vc_row gap=&#8221;30&#8243; padding_top=&#8221;10&#8243; padding_bottom=&#8221;0&#8243;][vc_column width=&#8221;1\/2&#8243;][vc_single_image image=&#8221;3365&#8243; img_size=&#8221;medium&#8221; alignment=&#8221;center&#8221; onclick=&#8221;custom_link&#8221; link=&#8221;https:\/\/udibi6748.live-website.com\/en\/antibody-services\/&#8221;][vc_custom_heading text=&#8221;Engineering and optimization&#8221; font_container=&#8221;tag:h3|font_size:22|text_align:left|color:%230d1250&#8243; google_fonts=&#8221;font_family:Montserrat%3Aregular%2C700|font_style:700%20bold%20regular%3A700%3Anormal&#8221;][vc_column_text]We have the experience and technological capabilities necessary to ensure that the developed antibodies meet the quality standards that allow their use in non-clinical and clinical\u00a0studies.[\/vc_column_text][\/vc_column][vc_column width=&#8221;1\/2&#8243;][vc_single_image image=&#8221;3372&#8243; img_size=&#8221;medium&#8221; alignment=&#8221;center&#8221; onclick=&#8221;custom_link&#8221; link=&#8221;https:\/\/udibi6748.live-website.com\/en\/libraries\/&#8221;][vc_custom_heading text=&#8221;ALTHEA GOLD LIBRARIES&#8221; font_container=&#8221;tag:h3|font_size:22|text_align:left|color:%230d1250&#8243; google_fonts=&#8221;font_family:Montserrat%3Aregular%2C700|font_style:700%20bold%20regular%3A700%3Anormal&#8221;][vc_column_text]Our ALTHEA Gold Libraries have been successfully used by researchers [&hellip;]<\/p>\n","protected":false},"author":1,"featured_media":0,"parent":0,"menu_order":0,"comment_status":"closed","ping_status":"closed","template":"","meta":{"pmpro_default_level":"","footnotes":""},"class_list":["post-1578","page","type-page","status-publish","hentry","pmpro-has-access"],"yoast_head":"<!-- This site is optimized with the Yoast SEO plugin v26.5 - https:\/\/yoast.com\/wordpress\/plugins\/seo\/ -->\n<title>Antibody engineering - UDIBI<\/title>\n<meta name=\"robots\" content=\"index, follow, max-snippet:-1, max-image-preview:large, max-video-preview:-1\" \/>\n<link rel=\"canonical\" href=\"https:\/\/udibi.com.mx\/en\/ingenieria-de-anticuerpos\/\" \/>\n<meta property=\"og:locale\" content=\"en_US\" \/>\n<meta property=\"og:type\" content=\"article\" \/>\n<meta property=\"og:title\" content=\"Antibody engineering - UDIBI\" \/>\n<meta property=\"og:description\" content=\"[vc_row gap=&#8221;30&#8243; padding_top=&#8221;10&#8243; padding_bottom=&#8221;0&#8243;][vc_column width=&#8221;1\/2&#8243;][vc_single_image image=&#8221;3365&#8243; img_size=&#8221;medium&#8221; alignment=&#8221;center&#8221; onclick=&#8221;custom_link&#8221; link=&#8221;https:\/\/udibi6748.live-website.com\/en\/antibody-services\/&#8221;][vc_custom_heading text=&#8221;Engineering and optimization&#8221; font_container=&#8221;tag:h3|font_size:22|text_align:left|color:%230d1250&#8243; google_fonts=&#8221;font_family:Montserrat%3Aregular%2C700|font_style:700%20bold%20regular%3A700%3Anormal&#8221;][vc_column_text]We have the experience and technological capabilities necessary to ensure that the developed antibodies meet the quality standards that allow their use in non-clinical and clinical\u00a0studies.[\/vc_column_text][\/vc_column][vc_column width=&#8221;1\/2&#8243;][vc_single_image image=&#8221;3372&#8243; img_size=&#8221;medium&#8221; alignment=&#8221;center&#8221; onclick=&#8221;custom_link&#8221; link=&#8221;https:\/\/udibi6748.live-website.com\/en\/libraries\/&#8221;][vc_custom_heading text=&#8221;ALTHEA GOLD LIBRARIES&#8221; font_container=&#8221;tag:h3|font_size:22|text_align:left|color:%230d1250&#8243; google_fonts=&#8221;font_family:Montserrat%3Aregular%2C700|font_style:700%20bold%20regular%3A700%3Anormal&#8221;][vc_column_text]Our ALTHEA Gold Libraries have been successfully used by researchers [&hellip;]\" \/>\n<meta property=\"og:url\" content=\"https:\/\/udibi.com.mx\/en\/ingenieria-de-anticuerpos\/\" \/>\n<meta property=\"og:site_name\" content=\"UDIBI\" \/>\n<meta property=\"article:modified_time\" content=\"2023-07-17T14:29:54+00:00\" \/>\n<meta name=\"twitter:card\" content=\"summary_large_image\" \/>\n<meta name=\"twitter:label1\" content=\"Est. reading time\" \/>\n\t<meta name=\"twitter:data1\" content=\"1 minute\" \/>\n<script type=\"application\/ld+json\" class=\"yoast-schema-graph\">{\"@context\":\"https:\/\/schema.org\",\"@graph\":[{\"@type\":\"WebPage\",\"@id\":\"https:\/\/udibi.com.mx\/en\/ingenieria-de-anticuerpos\/\",\"url\":\"https:\/\/udibi.com.mx\/en\/ingenieria-de-anticuerpos\/\",\"name\":\"Antibody engineering - UDIBI\",\"isPartOf\":{\"@id\":\"https:\/\/udibi.com.mx\/en\/#website\"},\"datePublished\":\"2022-01-07T19:29:03+00:00\",\"dateModified\":\"2023-07-17T14:29:54+00:00\",\"breadcrumb\":{\"@id\":\"https:\/\/udibi.com.mx\/en\/ingenieria-de-anticuerpos\/#breadcrumb\"},\"inLanguage\":\"en-US\",\"potentialAction\":[{\"@type\":\"ReadAction\",\"target\":[\"https:\/\/udibi.com.mx\/en\/ingenieria-de-anticuerpos\/\"]}]},{\"@type\":\"BreadcrumbList\",\"@id\":\"https:\/\/udibi.com.mx\/en\/ingenieria-de-anticuerpos\/#breadcrumb\",\"itemListElement\":[{\"@type\":\"ListItem\",\"position\":1,\"name\":\"Portada\",\"item\":\"https:\/\/udibi.com.mx\/en\/\"},{\"@type\":\"ListItem\",\"position\":2,\"name\":\"Antibody engineering\"}]},{\"@type\":\"WebSite\",\"@id\":\"https:\/\/udibi.com.mx\/en\/#website\",\"url\":\"https:\/\/udibi.com.mx\/en\/\",\"name\":\"UDIBI\",\"description\":\"IPN\",\"potentialAction\":[{\"@type\":\"SearchAction\",\"target\":{\"@type\":\"EntryPoint\",\"urlTemplate\":\"https:\/\/udibi.com.mx\/en\/?s={search_term_string}\"},\"query-input\":{\"@type\":\"PropertyValueSpecification\",\"valueRequired\":true,\"valueName\":\"search_term_string\"}}],\"inLanguage\":\"en-US\"}]}<\/script>\n<!-- \/ Yoast SEO plugin. -->","yoast_head_json":{"title":"Antibody engineering - UDIBI","robots":{"index":"index","follow":"follow","max-snippet":"max-snippet:-1","max-image-preview":"max-image-preview:large","max-video-preview":"max-video-preview:-1"},"canonical":"https:\/\/udibi.com.mx\/en\/ingenieria-de-anticuerpos\/","og_locale":"en_US","og_type":"article","og_title":"Antibody engineering - UDIBI","og_description":"[vc_row gap=&#8221;30&#8243; padding_top=&#8221;10&#8243; padding_bottom=&#8221;0&#8243;][vc_column width=&#8221;1\/2&#8243;][vc_single_image image=&#8221;3365&#8243; img_size=&#8221;medium&#8221; alignment=&#8221;center&#8221; onclick=&#8221;custom_link&#8221; link=&#8221;https:\/\/udibi6748.live-website.com\/en\/antibody-services\/&#8221;][vc_custom_heading text=&#8221;Engineering and optimization&#8221; font_container=&#8221;tag:h3|font_size:22|text_align:left|color:%230d1250&#8243; google_fonts=&#8221;font_family:Montserrat%3Aregular%2C700|font_style:700%20bold%20regular%3A700%3Anormal&#8221;][vc_column_text]We have the experience and technological capabilities necessary to ensure that the developed antibodies meet the quality standards that allow their use in non-clinical and clinical\u00a0studies.[\/vc_column_text][\/vc_column][vc_column width=&#8221;1\/2&#8243;][vc_single_image image=&#8221;3372&#8243; img_size=&#8221;medium&#8221; alignment=&#8221;center&#8221; onclick=&#8221;custom_link&#8221; link=&#8221;https:\/\/udibi6748.live-website.com\/en\/libraries\/&#8221;][vc_custom_heading text=&#8221;ALTHEA GOLD LIBRARIES&#8221; font_container=&#8221;tag:h3|font_size:22|text_align:left|color:%230d1250&#8243; google_fonts=&#8221;font_family:Montserrat%3Aregular%2C700|font_style:700%20bold%20regular%3A700%3Anormal&#8221;][vc_column_text]Our ALTHEA Gold Libraries have been successfully used by researchers [&hellip;]","og_url":"https:\/\/udibi.com.mx\/en\/ingenieria-de-anticuerpos\/","og_site_name":"UDIBI","article_modified_time":"2023-07-17T14:29:54+00:00","twitter_card":"summary_large_image","twitter_misc":{"Est. reading time":"1 minute"},"schema":{"@context":"https:\/\/schema.org","@graph":[{"@type":"WebPage","@id":"https:\/\/udibi.com.mx\/en\/ingenieria-de-anticuerpos\/","url":"https:\/\/udibi.com.mx\/en\/ingenieria-de-anticuerpos\/","name":"Antibody engineering - UDIBI","isPartOf":{"@id":"https:\/\/udibi.com.mx\/en\/#website"},"datePublished":"2022-01-07T19:29:03+00:00","dateModified":"2023-07-17T14:29:54+00:00","breadcrumb":{"@id":"https:\/\/udibi.com.mx\/en\/ingenieria-de-anticuerpos\/#breadcrumb"},"inLanguage":"en-US","potentialAction":[{"@type":"ReadAction","target":["https:\/\/udibi.com.mx\/en\/ingenieria-de-anticuerpos\/"]}]},{"@type":"BreadcrumbList","@id":"https:\/\/udibi.com.mx\/en\/ingenieria-de-anticuerpos\/#breadcrumb","itemListElement":[{"@type":"ListItem","position":1,"name":"Portada","item":"https:\/\/udibi.com.mx\/en\/"},{"@type":"ListItem","position":2,"name":"Antibody engineering"}]},{"@type":"WebSite","@id":"https:\/\/udibi.com.mx\/en\/#website","url":"https:\/\/udibi.com.mx\/en\/","name":"UDIBI","description":"IPN","potentialAction":[{"@type":"SearchAction","target":{"@type":"EntryPoint","urlTemplate":"https:\/\/udibi.com.mx\/en\/?s={search_term_string}"},"query-input":{"@type":"PropertyValueSpecification","valueRequired":true,"valueName":"search_term_string"}}],"inLanguage":"en-US"}]}},"_links":{"self":[{"href":"https:\/\/udibi.com.mx\/en\/wp-json\/wp\/v2\/pages\/1578","targetHints":{"allow":["GET"]}}],"collection":[{"href":"https:\/\/udibi.com.mx\/en\/wp-json\/wp\/v2\/pages"}],"about":[{"href":"https:\/\/udibi.com.mx\/en\/wp-json\/wp\/v2\/types\/page"}],"author":[{"embeddable":true,"href":"https:\/\/udibi.com.mx\/en\/wp-json\/wp\/v2\/users\/1"}],"replies":[{"embeddable":true,"href":"https:\/\/udibi.com.mx\/en\/wp-json\/wp\/v2\/comments?post=1578"}],"version-history":[{"count":22,"href":"https:\/\/udibi.com.mx\/en\/wp-json\/wp\/v2\/pages\/1578\/revisions"}],"predecessor-version":[{"id":3393,"href":"https:\/\/udibi.com.mx\/en\/wp-json\/wp\/v2\/pages\/1578\/revisions\/3393"}],"wp:attachment":[{"href":"https:\/\/udibi.com.mx\/en\/wp-json\/wp\/v2\/media?parent=1578"}],"curies":[{"name":"wp","href":"https:\/\/api.w.org\/{rel}","templated":true}]}}